{"id":345,"date":"2024-03-24T15:28:55","date_gmt":"2024-03-24T15:28:55","guid":{"rendered":"https:\/\/embracingtheroot.taot.dk\/?page_id=345"},"modified":"2025-02-22T18:09:11","modified_gmt":"2025-02-22T18:09:11","slug":"news","status":"publish","type":"page","link":"https:\/\/embracingtheroot.taot.dk\/index.php\/news\/","title":{"rendered":"Performed"},"content":{"rendered":"\n<div style=\"height:40px\" aria-hidden=\"true\" class=\"wp-block-spacer\"><\/div>\n\n\n\n<figure class=\"wp-block-image alignwide size-full has-custom-border\"><img loading=\"lazy\" decoding=\"async\" width=\"1024\" height=\"538\" src=\"https:\/\/embracingtheroot.taot.dk\/wp-content\/uploads\/2024\/09\/IMG_2261-1024x538-1.jpeg\" alt=\"\" class=\"wp-image-1432\" style=\"border-width:3px\" srcset=\"https:\/\/embracingtheroot.taot.dk\/wp-content\/uploads\/2024\/09\/IMG_2261-1024x538-1.jpeg 1024w, https:\/\/embracingtheroot.taot.dk\/wp-content\/uploads\/2024\/09\/IMG_2261-1024x538-1-300x158.jpeg 300w, https:\/\/embracingtheroot.taot.dk\/wp-content\/uploads\/2024\/09\/IMG_2261-1024x538-1-768x404.jpeg 768w\" sizes=\"auto, (max-width: 1024px) 100vw, 1024px\" \/><\/figure>\n\n\n\n<div class=\"wp-block-columns is-layout-flex wp-container-core-columns-is-layout-28f84493 wp-block-columns-is-layout-flex\">\n<div class=\"wp-block-column is-layout-flow wp-block-column-is-layout-flow\">\n<figure class=\"wp-block-video\"><video controls src=\"https:\/\/embracingtheroot.taot.dk\/wp-content\/uploads\/2024\/09\/15_sek_m.DanskeDatoer_EmbracingTheRoot.mp4\"><\/video><\/figure>\n<\/div>\n\n\n\n<div class=\"wp-block-column is-layout-flow wp-block-column-is-layout-flow\">\n<figure class=\"wp-block-video\"><video controls src=\"https:\/\/embracingtheroot.taot.dk\/wp-content\/uploads\/2024\/09\/02_EkstraStory_m.DanskeDatoer_EmbracingTheRoot.mp4\"><\/video><\/figure>\n<\/div>\n<\/div>\n\n\n\n<hr class=\"wp-block-separator alignwide has-alpha-channel-opacity\"\/>\n\n\n\n<div style=\"height:20px\" aria-hidden=\"true\" class=\"wp-block-spacer\"><\/div>\n\n\n\n<p class=\"has-text-align-center has-large-font-size\" style=\"text-transform:uppercase\"><strong>RELEASE OF ART copenhagen<\/strong><\/p>\n\n\n\n<p class=\"has-text-align-center\"><a href=\"https:\/\/embracingtheroot.taot.dk\/index.php\/foto-fra-dagen\/\" data-type=\"page\" data-id=\"847\">more photos from the day<\/a><\/p>\n\n\n\n<div class=\"wp-block-columns alignwide is-layout-flex wp-container-core-columns-is-layout-28f84493 wp-block-columns-is-layout-flex\">\n<div class=\"wp-block-column is-layout-flow wp-block-column-is-layout-flow\">\n<figure class=\"wp-block-image size-large\"><img loading=\"lazy\" decoding=\"async\" width=\"768\" height=\"1024\" src=\"https:\/\/embracingtheroot.taot.dk\/wp-content\/uploads\/2024\/05\/IMG_9463-768x1024.jpeg\" alt=\"\" class=\"wp-image-790\" srcset=\"https:\/\/embracingtheroot.taot.dk\/wp-content\/uploads\/2024\/05\/IMG_9463-768x1024.jpeg 768w, https:\/\/embracingtheroot.taot.dk\/wp-content\/uploads\/2024\/05\/IMG_9463-225x300.jpeg 225w, https:\/\/embracingtheroot.taot.dk\/wp-content\/uploads\/2024\/05\/IMG_9463-1152x1536.jpeg 1152w, https:\/\/embracingtheroot.taot.dk\/wp-content\/uploads\/2024\/05\/IMG_9463-1536x2048.jpeg 1536w, https:\/\/embracingtheroot.taot.dk\/wp-content\/uploads\/2024\/05\/IMG_9463-scaled.jpeg 1920w\" sizes=\"auto, (max-width: 768px) 100vw, 768px\" \/><\/figure>\n<\/div>\n\n\n\n<div class=\"wp-block-column is-layout-flow wp-block-column-is-layout-flow\">\n<figure class=\"wp-block-image size-large\"><img loading=\"lazy\" decoding=\"async\" width=\"768\" height=\"1024\" src=\"https:\/\/embracingtheroot.taot.dk\/wp-content\/uploads\/2024\/05\/IMG_9553-768x1024.jpeg\" alt=\"\" class=\"wp-image-794\" srcset=\"https:\/\/embracingtheroot.taot.dk\/wp-content\/uploads\/2024\/05\/IMG_9553-768x1024.jpeg 768w, https:\/\/embracingtheroot.taot.dk\/wp-content\/uploads\/2024\/05\/IMG_9553-225x300.jpeg 225w, https:\/\/embracingtheroot.taot.dk\/wp-content\/uploads\/2024\/05\/IMG_9553-1152x1536.jpeg 1152w, https:\/\/embracingtheroot.taot.dk\/wp-content\/uploads\/2024\/05\/IMG_9553-1536x2048.jpeg 1536w, https:\/\/embracingtheroot.taot.dk\/wp-content\/uploads\/2024\/05\/IMG_9553-scaled.jpeg 1920w\" sizes=\"auto, (max-width: 768px) 100vw, 768px\" \/><\/figure>\n<\/div>\n\n\n\n<div class=\"wp-block-column is-layout-flow wp-block-column-is-layout-flow\">\n<figure class=\"wp-block-image size-large\"><img loading=\"lazy\" decoding=\"async\" width=\"768\" height=\"1024\" src=\"https:\/\/embracingtheroot.taot.dk\/wp-content\/uploads\/2024\/05\/IMG_9551-768x1024.jpeg\" alt=\"\" class=\"wp-image-793\" srcset=\"https:\/\/embracingtheroot.taot.dk\/wp-content\/uploads\/2024\/05\/IMG_9551-768x1024.jpeg 768w, https:\/\/embracingtheroot.taot.dk\/wp-content\/uploads\/2024\/05\/IMG_9551-225x300.jpeg 225w, https:\/\/embracingtheroot.taot.dk\/wp-content\/uploads\/2024\/05\/IMG_9551-1152x1536.jpeg 1152w, https:\/\/embracingtheroot.taot.dk\/wp-content\/uploads\/2024\/05\/IMG_9551-1536x2048.jpeg 1536w, https:\/\/embracingtheroot.taot.dk\/wp-content\/uploads\/2024\/05\/IMG_9551-scaled.jpeg 1920w\" sizes=\"auto, (max-width: 768px) 100vw, 768px\" \/><\/figure>\n<\/div>\n<\/div>\n\n\n\n<div class=\"wp-block-columns alignwide is-layout-flex wp-container-core-columns-is-layout-28f84493 wp-block-columns-is-layout-flex\">\n<div class=\"wp-block-column is-layout-flow wp-block-column-is-layout-flow\">\n<figure class=\"wp-block-image size-large\"><img loading=\"lazy\" decoding=\"async\" width=\"796\" height=\"1024\" src=\"https:\/\/embracingtheroot.taot.dk\/wp-content\/uploads\/2024\/05\/IMG_9504-796x1024.jpeg\" alt=\"\" class=\"wp-image-791\" style=\"object-fit:cover\" srcset=\"https:\/\/embracingtheroot.taot.dk\/wp-content\/uploads\/2024\/05\/IMG_9504-796x1024.jpeg 796w, https:\/\/embracingtheroot.taot.dk\/wp-content\/uploads\/2024\/05\/IMG_9504-233x300.jpeg 233w, https:\/\/embracingtheroot.taot.dk\/wp-content\/uploads\/2024\/05\/IMG_9504-768x988.jpeg 768w, https:\/\/embracingtheroot.taot.dk\/wp-content\/uploads\/2024\/05\/IMG_9504-1194x1536.jpeg 1194w, https:\/\/embracingtheroot.taot.dk\/wp-content\/uploads\/2024\/05\/IMG_9504-1592x2048.jpeg 1592w, https:\/\/embracingtheroot.taot.dk\/wp-content\/uploads\/2024\/05\/IMG_9504.jpeg 1629w\" sizes=\"auto, (max-width: 796px) 100vw, 796px\" \/><\/figure>\n<\/div>\n\n\n\n<div class=\"wp-block-column is-layout-flow wp-block-column-is-layout-flow\">\n<figure class=\"wp-block-image size-large\"><img loading=\"lazy\" decoding=\"async\" width=\"1920\" height=\"2560\" src=\"https:\/\/embracingtheroot.taot.dk\/wp-content\/uploads\/2024\/06\/IMG_9536-edited-scaled.jpeg\" alt=\"\" class=\"wp-image-986\" style=\"object-fit:cover\" srcset=\"https:\/\/embracingtheroot.taot.dk\/wp-content\/uploads\/2024\/06\/IMG_9536-edited-scaled.jpeg 1920w, https:\/\/embracingtheroot.taot.dk\/wp-content\/uploads\/2024\/06\/IMG_9536-edited-225x300.jpeg 225w, https:\/\/embracingtheroot.taot.dk\/wp-content\/uploads\/2024\/06\/IMG_9536-edited-768x1024.jpeg 768w, https:\/\/embracingtheroot.taot.dk\/wp-content\/uploads\/2024\/06\/IMG_9536-edited-1152x1536.jpeg 1152w, https:\/\/embracingtheroot.taot.dk\/wp-content\/uploads\/2024\/06\/IMG_9536-edited-1536x2048.jpeg 1536w\" sizes=\"auto, (max-width: 1920px) 100vw, 1920px\" \/><\/figure>\n<\/div>\n\n\n\n<div class=\"wp-block-column is-layout-flow wp-block-column-is-layout-flow\">\n<figure class=\"wp-block-image size-large\"><img loading=\"lazy\" decoding=\"async\" width=\"1920\" height=\"2560\" src=\"https:\/\/embracingtheroot.taot.dk\/wp-content\/uploads\/2024\/06\/IMG_9511-edited-scaled.jpeg\" alt=\"\" class=\"wp-image-983\" style=\"object-fit:cover\" srcset=\"https:\/\/embracingtheroot.taot.dk\/wp-content\/uploads\/2024\/06\/IMG_9511-edited-scaled.jpeg 1920w, https:\/\/embracingtheroot.taot.dk\/wp-content\/uploads\/2024\/06\/IMG_9511-edited-225x300.jpeg 225w, https:\/\/embracingtheroot.taot.dk\/wp-content\/uploads\/2024\/06\/IMG_9511-edited-768x1024.jpeg 768w, https:\/\/embracingtheroot.taot.dk\/wp-content\/uploads\/2024\/06\/IMG_9511-edited-1152x1536.jpeg 1152w, https:\/\/embracingtheroot.taot.dk\/wp-content\/uploads\/2024\/06\/IMG_9511-edited-1536x2048.jpeg 1536w\" sizes=\"auto, (max-width: 1920px) 100vw, 1920px\" \/><\/figure>\n<\/div>\n<\/div>\n\n\n\n<figure class=\"wp-block-gallery has-nested-images columns-default is-cropped wp-block-gallery-1 is-layout-flex wp-block-gallery-is-layout-flex\">\n<figure class=\"wp-block-image size-large\"><img loading=\"lazy\" decoding=\"async\" width=\"1024\" height=\"683\" data-id=\"1562\" src=\"https:\/\/embracingtheroot.taot.dk\/wp-content\/uploads\/2025\/02\/026A2767_embracingtheroot_by_MaikenKildegaard_2024_may16th_color-1024x683.jpg\" alt=\"\" class=\"wp-image-1562\" srcset=\"https:\/\/embracingtheroot.taot.dk\/wp-content\/uploads\/2025\/02\/026A2767_embracingtheroot_by_MaikenKildegaard_2024_may16th_color-1024x683.jpg 1024w, https:\/\/embracingtheroot.taot.dk\/wp-content\/uploads\/2025\/02\/026A2767_embracingtheroot_by_MaikenKildegaard_2024_may16th_color-300x200.jpg 300w, https:\/\/embracingtheroot.taot.dk\/wp-content\/uploads\/2025\/02\/026A2767_embracingtheroot_by_MaikenKildegaard_2024_may16th_color-768x512.jpg 768w, https:\/\/embracingtheroot.taot.dk\/wp-content\/uploads\/2025\/02\/026A2767_embracingtheroot_by_MaikenKildegaard_2024_may16th_color-1536x1024.jpg 1536w, https:\/\/embracingtheroot.taot.dk\/wp-content\/uploads\/2025\/02\/026A2767_embracingtheroot_by_MaikenKildegaard_2024_may16th_color-2048x1365.jpg 2048w\" sizes=\"auto, (max-width: 1024px) 100vw, 1024px\" \/><\/figure>\n\n\n\n<figure class=\"wp-block-image size-large\"><img loading=\"lazy\" decoding=\"async\" width=\"1024\" height=\"683\" data-id=\"1567\" src=\"https:\/\/embracingtheroot.taot.dk\/wp-content\/uploads\/2025\/02\/026A2758_embracingtheroot_by_MaikenKildegaard_2024_may16th_color-1024x683.jpg\" alt=\"\" class=\"wp-image-1567\" srcset=\"https:\/\/embracingtheroot.taot.dk\/wp-content\/uploads\/2025\/02\/026A2758_embracingtheroot_by_MaikenKildegaard_2024_may16th_color-1024x683.jpg 1024w, https:\/\/embracingtheroot.taot.dk\/wp-content\/uploads\/2025\/02\/026A2758_embracingtheroot_by_MaikenKildegaard_2024_may16th_color-300x200.jpg 300w, https:\/\/embracingtheroot.taot.dk\/wp-content\/uploads\/2025\/02\/026A2758_embracingtheroot_by_MaikenKildegaard_2024_may16th_color-768x512.jpg 768w, https:\/\/embracingtheroot.taot.dk\/wp-content\/uploads\/2025\/02\/026A2758_embracingtheroot_by_MaikenKildegaard_2024_may16th_color-1536x1024.jpg 1536w, https:\/\/embracingtheroot.taot.dk\/wp-content\/uploads\/2025\/02\/026A2758_embracingtheroot_by_MaikenKildegaard_2024_may16th_color-2048x1365.jpg 2048w\" sizes=\"auto, (max-width: 1024px) 100vw, 1024px\" \/><\/figure>\n\n\n\n<figure class=\"wp-block-image size-large\"><img loading=\"lazy\" decoding=\"async\" width=\"1024\" height=\"683\" data-id=\"1563\" src=\"https:\/\/embracingtheroot.taot.dk\/wp-content\/uploads\/2025\/02\/026A2778_embracingtheroot_by_MaikenKildegaard_2024_may16th_color-1024x683.jpg\" alt=\"\" class=\"wp-image-1563\" srcset=\"https:\/\/embracingtheroot.taot.dk\/wp-content\/uploads\/2025\/02\/026A2778_embracingtheroot_by_MaikenKildegaard_2024_may16th_color-1024x683.jpg 1024w, https:\/\/embracingtheroot.taot.dk\/wp-content\/uploads\/2025\/02\/026A2778_embracingtheroot_by_MaikenKildegaard_2024_may16th_color-300x200.jpg 300w, https:\/\/embracingtheroot.taot.dk\/wp-content\/uploads\/2025\/02\/026A2778_embracingtheroot_by_MaikenKildegaard_2024_may16th_color-768x512.jpg 768w, https:\/\/embracingtheroot.taot.dk\/wp-content\/uploads\/2025\/02\/026A2778_embracingtheroot_by_MaikenKildegaard_2024_may16th_color-1536x1024.jpg 1536w, https:\/\/embracingtheroot.taot.dk\/wp-content\/uploads\/2025\/02\/026A2778_embracingtheroot_by_MaikenKildegaard_2024_may16th_color-2048x1365.jpg 2048w\" sizes=\"auto, (max-width: 1024px) 100vw, 1024px\" \/><\/figure>\n\n\n\n<figure class=\"wp-block-image size-large\"><img loading=\"lazy\" decoding=\"async\" width=\"1024\" height=\"683\" data-id=\"1564\" src=\"https:\/\/embracingtheroot.taot.dk\/wp-content\/uploads\/2025\/02\/026A2689_embracingtheroot_by_MaikenKildegaard_2024_may16th_color-1024x683.jpg\" alt=\"\" class=\"wp-image-1564\" srcset=\"https:\/\/embracingtheroot.taot.dk\/wp-content\/uploads\/2025\/02\/026A2689_embracingtheroot_by_MaikenKildegaard_2024_may16th_color-1024x683.jpg 1024w, https:\/\/embracingtheroot.taot.dk\/wp-content\/uploads\/2025\/02\/026A2689_embracingtheroot_by_MaikenKildegaard_2024_may16th_color-300x200.jpg 300w, https:\/\/embracingtheroot.taot.dk\/wp-content\/uploads\/2025\/02\/026A2689_embracingtheroot_by_MaikenKildegaard_2024_may16th_color-768x512.jpg 768w, https:\/\/embracingtheroot.taot.dk\/wp-content\/uploads\/2025\/02\/026A2689_embracingtheroot_by_MaikenKildegaard_2024_may16th_color-1536x1024.jpg 1536w, https:\/\/embracingtheroot.taot.dk\/wp-content\/uploads\/2025\/02\/026A2689_embracingtheroot_by_MaikenKildegaard_2024_may16th_color-2048x1365.jpg 2048w\" sizes=\"auto, (max-width: 1024px) 100vw, 1024px\" \/><\/figure>\n\n\n\n<figure class=\"wp-block-image size-large\"><img loading=\"lazy\" decoding=\"async\" width=\"1024\" height=\"683\" data-id=\"1566\" src=\"https:\/\/embracingtheroot.taot.dk\/wp-content\/uploads\/2025\/02\/026A4047_embracingtheroot_by_MaikenKildegaard_2024_may16th_color-1024x683.jpg\" alt=\"\" class=\"wp-image-1566\" srcset=\"https:\/\/embracingtheroot.taot.dk\/wp-content\/uploads\/2025\/02\/026A4047_embracingtheroot_by_MaikenKildegaard_2024_may16th_color-1024x683.jpg 1024w, https:\/\/embracingtheroot.taot.dk\/wp-content\/uploads\/2025\/02\/026A4047_embracingtheroot_by_MaikenKildegaard_2024_may16th_color-300x200.jpg 300w, https:\/\/embracingtheroot.taot.dk\/wp-content\/uploads\/2025\/02\/026A4047_embracingtheroot_by_MaikenKildegaard_2024_may16th_color-768x512.jpg 768w, https:\/\/embracingtheroot.taot.dk\/wp-content\/uploads\/2025\/02\/026A4047_embracingtheroot_by_MaikenKildegaard_2024_may16th_color-1536x1024.jpg 1536w, https:\/\/embracingtheroot.taot.dk\/wp-content\/uploads\/2025\/02\/026A4047_embracingtheroot_by_MaikenKildegaard_2024_may16th_color-2048x1365.jpg 2048w\" sizes=\"auto, (max-width: 1024px) 100vw, 1024px\" \/><\/figure>\n\n\n\n<figure class=\"wp-block-image size-large\"><img loading=\"lazy\" decoding=\"async\" width=\"1024\" height=\"683\" data-id=\"1565\" src=\"https:\/\/embracingtheroot.taot.dk\/wp-content\/uploads\/2025\/02\/026A4017_embracingtheroot_by_MaikenKildegaard_2024_may16th_color-1024x683.jpg\" alt=\"\" class=\"wp-image-1565\" srcset=\"https:\/\/embracingtheroot.taot.dk\/wp-content\/uploads\/2025\/02\/026A4017_embracingtheroot_by_MaikenKildegaard_2024_may16th_color-1024x683.jpg 1024w, https:\/\/embracingtheroot.taot.dk\/wp-content\/uploads\/2025\/02\/026A4017_embracingtheroot_by_MaikenKildegaard_2024_may16th_color-300x200.jpg 300w, https:\/\/embracingtheroot.taot.dk\/wp-content\/uploads\/2025\/02\/026A4017_embracingtheroot_by_MaikenKildegaard_2024_may16th_color-768x512.jpg 768w, https:\/\/embracingtheroot.taot.dk\/wp-content\/uploads\/2025\/02\/026A4017_embracingtheroot_by_MaikenKildegaard_2024_may16th_color-1536x1024.jpg 1536w, https:\/\/embracingtheroot.taot.dk\/wp-content\/uploads\/2025\/02\/026A4017_embracingtheroot_by_MaikenKildegaard_2024_may16th_color-2048x1365.jpg 2048w\" sizes=\"auto, (max-width: 1024px) 100vw, 1024px\" \/><\/figure>\n<\/figure>\n\n\n\n<p class=\"has-medium-font-size\">The day also offered the opportunity to develop as a croquis artist. <a href=\"https:\/\/embracingtheroot.taot.dk\/index.php\/croquistegner\/\" data-type=\"page\" data-id=\"827\">Flere her<\/a><\/p>\n\n\n\n<figure class=\"wp-block-gallery alignwide has-nested-images columns-default is-cropped wp-block-gallery-2 is-layout-flex wp-block-gallery-is-layout-flex\">\n<figure class=\"wp-block-image size-large\"><img loading=\"lazy\" decoding=\"async\" width=\"734\" height=\"1024\" data-id=\"808\" src=\"https:\/\/embracingtheroot.taot.dk\/wp-content\/uploads\/2024\/05\/Scan-14-734x1024.jpeg\" alt=\"\" class=\"wp-image-808\" srcset=\"https:\/\/embracingtheroot.taot.dk\/wp-content\/uploads\/2024\/05\/Scan-14-734x1024.jpeg 734w, https:\/\/embracingtheroot.taot.dk\/wp-content\/uploads\/2024\/05\/Scan-14-215x300.jpeg 215w, https:\/\/embracingtheroot.taot.dk\/wp-content\/uploads\/2024\/05\/Scan-14-768x1071.jpeg 768w, https:\/\/embracingtheroot.taot.dk\/wp-content\/uploads\/2024\/05\/Scan-14-1101x1536.jpeg 1101w, https:\/\/embracingtheroot.taot.dk\/wp-content\/uploads\/2024\/05\/Scan-14-1468x2048.jpeg 1468w, https:\/\/embracingtheroot.taot.dk\/wp-content\/uploads\/2024\/05\/Scan-14-scaled.jpeg 1835w\" sizes=\"auto, (max-width: 734px) 100vw, 734px\" \/><\/figure>\n\n\n\n<figure class=\"wp-block-image size-large\"><img loading=\"lazy\" decoding=\"async\" width=\"734\" height=\"1024\" data-id=\"809\" src=\"https:\/\/embracingtheroot.taot.dk\/wp-content\/uploads\/2024\/05\/Scan-16-734x1024.jpeg\" alt=\"\" class=\"wp-image-809\" srcset=\"https:\/\/embracingtheroot.taot.dk\/wp-content\/uploads\/2024\/05\/Scan-16-734x1024.jpeg 734w, https:\/\/embracingtheroot.taot.dk\/wp-content\/uploads\/2024\/05\/Scan-16-215x300.jpeg 215w, https:\/\/embracingtheroot.taot.dk\/wp-content\/uploads\/2024\/05\/Scan-16-768x1071.jpeg 768w, https:\/\/embracingtheroot.taot.dk\/wp-content\/uploads\/2024\/05\/Scan-16-1101x1536.jpeg 1101w, https:\/\/embracingtheroot.taot.dk\/wp-content\/uploads\/2024\/05\/Scan-16-1468x2048.jpeg 1468w, https:\/\/embracingtheroot.taot.dk\/wp-content\/uploads\/2024\/05\/Scan-16-scaled.jpeg 1835w\" sizes=\"auto, (max-width: 734px) 100vw, 734px\" \/><\/figure>\n\n\n\n<figure class=\"wp-block-image size-large\"><img loading=\"lazy\" decoding=\"async\" width=\"734\" height=\"1024\" data-id=\"810\" src=\"https:\/\/embracingtheroot.taot.dk\/wp-content\/uploads\/2024\/05\/Scan-13-734x1024.jpeg\" alt=\"\" class=\"wp-image-810\" srcset=\"https:\/\/embracingtheroot.taot.dk\/wp-content\/uploads\/2024\/05\/Scan-13-734x1024.jpeg 734w, https:\/\/embracingtheroot.taot.dk\/wp-content\/uploads\/2024\/05\/Scan-13-215x300.jpeg 215w, https:\/\/embracingtheroot.taot.dk\/wp-content\/uploads\/2024\/05\/Scan-13-768x1071.jpeg 768w, https:\/\/embracingtheroot.taot.dk\/wp-content\/uploads\/2024\/05\/Scan-13-1101x1536.jpeg 1101w, https:\/\/embracingtheroot.taot.dk\/wp-content\/uploads\/2024\/05\/Scan-13-1468x2048.jpeg 1468w, https:\/\/embracingtheroot.taot.dk\/wp-content\/uploads\/2024\/05\/Scan-13-scaled.jpeg 1835w\" sizes=\"auto, (max-width: 734px) 100vw, 734px\" \/><\/figure>\n\n\n\n<figure class=\"wp-block-image size-large\"><img loading=\"lazy\" decoding=\"async\" width=\"734\" height=\"1024\" data-id=\"811\" src=\"https:\/\/embracingtheroot.taot.dk\/wp-content\/uploads\/2024\/05\/Scan-19-734x1024.jpeg\" alt=\"\" class=\"wp-image-811\" srcset=\"https:\/\/embracingtheroot.taot.dk\/wp-content\/uploads\/2024\/05\/Scan-19-734x1024.jpeg 734w, https:\/\/embracingtheroot.taot.dk\/wp-content\/uploads\/2024\/05\/Scan-19-215x300.jpeg 215w, https:\/\/embracingtheroot.taot.dk\/wp-content\/uploads\/2024\/05\/Scan-19-768x1071.jpeg 768w, https:\/\/embracingtheroot.taot.dk\/wp-content\/uploads\/2024\/05\/Scan-19-1101x1536.jpeg 1101w, https:\/\/embracingtheroot.taot.dk\/wp-content\/uploads\/2024\/05\/Scan-19-1468x2048.jpeg 1468w, https:\/\/embracingtheroot.taot.dk\/wp-content\/uploads\/2024\/05\/Scan-19-scaled.jpeg 1835w\" sizes=\"auto, (max-width: 734px) 100vw, 734px\" \/><\/figure>\n\n\n\n<figure class=\"wp-block-image size-large\"><img loading=\"lazy\" decoding=\"async\" width=\"1024\" height=\"734\" data-id=\"936\" src=\"https:\/\/embracingtheroot.taot.dk\/wp-content\/uploads\/2024\/06\/Scan-25-2-1024x734.jpeg\" alt=\"\" class=\"wp-image-936\" srcset=\"https:\/\/embracingtheroot.taot.dk\/wp-content\/uploads\/2024\/06\/Scan-25-2-1024x734.jpeg 1024w, https:\/\/embracingtheroot.taot.dk\/wp-content\/uploads\/2024\/06\/Scan-25-2-300x215.jpeg 300w, https:\/\/embracingtheroot.taot.dk\/wp-content\/uploads\/2024\/06\/Scan-25-2-768x550.jpeg 768w, https:\/\/embracingtheroot.taot.dk\/wp-content\/uploads\/2024\/06\/Scan-25-2-1536x1101.jpeg 1536w, https:\/\/embracingtheroot.taot.dk\/wp-content\/uploads\/2024\/06\/Scan-25-2-2048x1468.jpeg 2048w\" sizes=\"auto, (max-width: 1024px) 100vw, 1024px\" \/><\/figure>\n\n\n\n<figure class=\"wp-block-image size-large\"><img loading=\"lazy\" decoding=\"async\" width=\"734\" height=\"1024\" data-id=\"909\" src=\"https:\/\/embracingtheroot.taot.dk\/wp-content\/uploads\/2024\/06\/Scan-21-734x1024.jpeg\" alt=\"\" class=\"wp-image-909\" srcset=\"https:\/\/embracingtheroot.taot.dk\/wp-content\/uploads\/2024\/06\/Scan-21-734x1024.jpeg 734w, https:\/\/embracingtheroot.taot.dk\/wp-content\/uploads\/2024\/06\/Scan-21-215x300.jpeg 215w, https:\/\/embracingtheroot.taot.dk\/wp-content\/uploads\/2024\/06\/Scan-21-768x1071.jpeg 768w, https:\/\/embracingtheroot.taot.dk\/wp-content\/uploads\/2024\/06\/Scan-21-1101x1536.jpeg 1101w, https:\/\/embracingtheroot.taot.dk\/wp-content\/uploads\/2024\/06\/Scan-21-1468x2048.jpeg 1468w, https:\/\/embracingtheroot.taot.dk\/wp-content\/uploads\/2024\/06\/Scan-21-scaled.jpeg 1835w\" sizes=\"auto, (max-width: 734px) 100vw, 734px\" \/><\/figure>\n<\/figure>\n\n\n\n<figure class=\"wp-block-embed alignwide is-type-video is-provider-youtube wp-block-embed-youtube wp-embed-aspect-16-9 wp-has-aspect-ratio\"><div class=\"wp-block-embed__wrapper\">\n<iframe loading=\"lazy\" title=\"Embracing the Root - work-in-progress Copenhagen Sept. 2023\" width=\"500\" height=\"281\" src=\"https:\/\/www.youtube.com\/embed\/6AvLPrX5wfI?feature=oembed\" frameborder=\"0\" allow=\"accelerometer; autoplay; clipboard-write; encrypted-media; gyroscope; picture-in-picture; web-share\" referrerpolicy=\"strict-origin-when-cross-origin\" allowfullscreen><\/iframe>\n<\/div><\/figure>\n\n\n\n<div class=\"wp-block-media-text alignwide is-stacked-on-mobile\" style=\"grid-template-columns:18% auto\"><figure class=\"wp-block-media-text__media\"><img loading=\"lazy\" decoding=\"async\" width=\"1024\" height=\"1005\" src=\"https:\/\/embracingtheroot.taot.dk\/wp-content\/uploads\/2024\/04\/SKF_stempel_red_RGB-1024x1005.png\" alt=\"\" class=\"wp-image-560 size-full\" srcset=\"https:\/\/embracingtheroot.taot.dk\/wp-content\/uploads\/2024\/04\/SKF_stempel_red_RGB-1024x1005.png 1024w, https:\/\/embracingtheroot.taot.dk\/wp-content\/uploads\/2024\/04\/SKF_stempel_red_RGB-300x295.png 300w, https:\/\/embracingtheroot.taot.dk\/wp-content\/uploads\/2024\/04\/SKF_stempel_red_RGB-768x754.png 768w, https:\/\/embracingtheroot.taot.dk\/wp-content\/uploads\/2024\/04\/SKF_stempel_red_RGB-1536x1508.png 1536w, https:\/\/embracingtheroot.taot.dk\/wp-content\/uploads\/2024\/04\/SKF_stempel_red_RGB.png 1660w\" sizes=\"auto, (max-width: 1024px) 100vw, 1024px\" \/><\/figure><div class=\"wp-block-media-text__content\">\n<p>En dybtf\u00f8lt tak til Statens Kunstfond for, at tro p\u00e5 scenekunstprojektet Embracing the Root!<\/p>\n\n\n\n<p>Musik, teater, dans og ikke mindst animation &#8211; med afs\u00e6t i tr\u00e6ernes forbundethed!<\/p>\n\n\n\n<p><a href=\"https:\/\/www.facebook.com\/hashtag\/allmatterisconnected?__eep__=6&amp;__cft__[0]=AZVH1Vwb-Ls1EDz9YatGdNAKgrW9P9aFDYjlxj88Ub5jo0QapttxINnUIWnNctEdgYMTSvNyS7AWx6hZxxTdFl6V91mEb8Aa6Brg17CtZi9f6R1iBNj5i4x0tIm2UpsNt_ZbMBxLD7ZYqbhLptFCbmxE0caJHGS812Dv4Ed7dyWYzg82K6Mh5SWRw40sdwwHyMo&amp;__tn__=*NK-R\">#allmatterisconnected<\/a>!<\/p>\n<\/div><\/div>\n","protected":false},"excerpt":{"rendered":"<p>RELEASE OF ART copenhagen more photos from the day The day also offered the opportunity to develop as a croquis artist. Flere her En dybtf\u00f8lt tak til Statens Kunstfond for, at tro p\u00e5 scenekunstprojektet Embracing the Root! Musik, teater, dans og ikke mindst animation &#8211; med afs\u00e6t i tr\u00e6ernes forbundethed! #allmatterisconnected!<\/p>\n","protected":false},"author":1,"featured_media":0,"parent":0,"menu_order":0,"comment_status":"closed","ping_status":"closed","template":"page-no-title","meta":{"footnotes":""},"class_list":["post-345","page","type-page","status-publish","hentry"],"_links":{"self":[{"href":"https:\/\/embracingtheroot.taot.dk\/index.php\/wp-json\/wp\/v2\/pages\/345","targetHints":{"allow":["GET"]}}],"collection":[{"href":"https:\/\/embracingtheroot.taot.dk\/index.php\/wp-json\/wp\/v2\/pages"}],"about":[{"href":"https:\/\/embracingtheroot.taot.dk\/index.php\/wp-json\/wp\/v2\/types\/page"}],"author":[{"embeddable":true,"href":"https:\/\/embracingtheroot.taot.dk\/index.php\/wp-json\/wp\/v2\/users\/1"}],"replies":[{"embeddable":true,"href":"https:\/\/embracingtheroot.taot.dk\/index.php\/wp-json\/wp\/v2\/comments?post=345"}],"version-history":[{"count":91,"href":"https:\/\/embracingtheroot.taot.dk\/index.php\/wp-json\/wp\/v2\/pages\/345\/revisions"}],"predecessor-version":[{"id":1571,"href":"https:\/\/embracingtheroot.taot.dk\/index.php\/wp-json\/wp\/v2\/pages\/345\/revisions\/1571"}],"wp:attachment":[{"href":"https:\/\/embracingtheroot.taot.dk\/index.php\/wp-json\/wp\/v2\/media?parent=345"}],"curies":[{"name":"wp","href":"https:\/\/api.w.org\/{rel}","templated":true}]}}